{"id":903,"date":"2025-03-22T16:57:05","date_gmt":"2025-03-22T15:57:05","guid":{"rendered":"https:\/\/agroconta.es\/?page_id=903"},"modified":"2025-03-22T19:13:23","modified_gmt":"2025-03-22T18:13:23","slug":"unete-a-almeriabiodiversa","status":"publish","type":"page","link":"https:\/\/agroconta.es\/?page_id=903","title":{"rendered":"\u00danete a almeriabiodiversa"},"content":{"rendered":"\n<div class=\"wp-block-uagb-container uagb-layout-grid uagb-block-edf9ad47 alignfull uagb-is-root-container\"><div class=\"uagb-container-inner-blocks-wrap\">\n<div class=\"wp-block-uagb-image uagb-block-bea246a8 wp-block-uagb-image--layout-default wp-block-uagb-image--effect-static wp-block-uagb-image--align-none uag-hide-mob\"><figure class=\"wp-block-uagb-image__figure\"><img loading=\"lazy\" decoding=\"async\" srcset=\"https:\/\/agroconta.es\/wp-content\/uploads\/2025\/03\/espaciador.webp ,https:\/\/agroconta.es\/wp-content\/uploads\/2025\/03\/espaciador.webp 780w, https:\/\/agroconta.es\/wp-content\/uploads\/2025\/03\/espaciador.webp 360w\" sizes=\"auto, (max-width: 480px) 150px\" src=\"https:\/\/agroconta.es\/wp-content\/uploads\/2025\/03\/espaciador.webp\" alt=\"\" class=\"uag-image-887\" width=\"180\" height=\"180\" title=\"espaciador\" role=\"img\"\/><\/figure><\/div>\n\n\n\n<div class=\"wp-block-uagb-info-box uagb-block-360d083e uagb-infobox__content-wrap  uagb-infobox-icon-above-title uagb-infobox-image-valign-top wp-block-uagb-info-box--has-margin\"><div class=\"uagb-infobox-margin-wrapper\"><div class=\"uagb-ifb-content\"><div class=\"uagb-ifb-title-wrap\"><p class=\"uagb-ifb-title-prefix\">Naturaleza Viva<\/p><h1 class=\"uagb-ifb-title\">Compartes nuestra visi\u00f3n?<\/h1><\/div><p class=\"uagb-ifb-desc\"><br>Ahora puedes ayudar<br>Aporta tu granito de arena e intentaremos convertirlo en una roca s\u00f3lida para frenar el impacto medio ambiental en nuestra provincia.<\/p><\/div><\/div><\/div>\n\n\n\n<div class=\"wp-block-uagb-image uagb-block-19fcaac7 wp-block-uagb-image--layout-default wp-block-uagb-image--effect-static wp-block-uagb-image--align-none uag-hide-mob\"><figure class=\"wp-block-uagb-image__figure\"><img decoding=\"async\" srcset=\"https:\/\/agroconta.es\/wp-content\/uploads\/2025\/03\/espaciador.webp ,https:\/\/agroconta.es\/wp-content\/uploads\/2025\/03\/espaciador.webp 780w, https:\/\/agroconta.es\/wp-content\/uploads\/2025\/03\/espaciador.webp 360w\" sizes=\"auto, (max-width: 480px) 150px\" src=\"https:\/\/agroconta.es\/wp-content\/uploads\/2025\/03\/espaciador.webp\" alt=\"\" class=\"uag-image-887\" width=\"180\" height=\"180\" title=\"espaciador\" loading=\"lazy\" role=\"img\"\/><\/figure><\/div>\n<\/div><\/div>\n\n\n\n<div class=\"wp-block-uagb-container uagb-block-dxpd2rwa alignfull uagb-is-root-container\"><div class=\"uagb-container-inner-blocks-wrap\">\n<div class=\"wp-block-uagb-container uagb-block-3orrzwbb\">\n<div class=\"wp-block-uagb-info-box uagb-block-it4jc0jo uagb-infobox__content-wrap  uagb-infobox-icon-above-title uagb-infobox-image-valign-top\"><div class=\"uagb-ifb-content\"><div class=\"uagb-ifb-title-wrap\"><h2 class=\"uagb-ifb-title\">Como puedes ayudar?<\/h2><\/div><\/div><\/div>\n\n\n\n<div class=\"wp-block-uagb-info-box uagb-block-gg5a0uvz uagb-infobox__content-wrap  uagb-infobox-icon-above-title uagb-infobox-image-valign-top\"><div class=\"uagb-ifb-content\"><div class=\"uagb-ifb-title-wrap\"><p class=\"uagb-ifb-title\">Hay varias formar de ser parte de Almeria Biodiversa<\/p><\/div><\/div><\/div>\n<\/div>\n\n\n\n<div class=\"wp-block-uagb-container uagb-block-pggex6qr\">\n<div class=\"wp-block-uagb-image alignleft uagb-block-p5xnmg6o wp-block-uagb-image--layout-default wp-block-uagb-image--effect-static wp-block-uagb-image--align-left\"><figure class=\"wp-block-uagb-image__figure\"><img decoding=\"async\" srcset=\"https:\/\/agroconta.es\/wp-content\/uploads\/2025\/03\/pita.webp ,https:\/\/agroconta.es\/wp-content\/uploads\/2025\/03\/pita.webp 780w, https:\/\/agroconta.es\/wp-content\/uploads\/2025\/03\/pita.webp 360w\" sizes=\"auto, (max-width: 480px) 150px\" src=\"https:\/\/agroconta.es\/wp-content\/uploads\/2025\/03\/pita.webp\" alt=\"\" class=\"uag-image-952\" width=\"564\" height=\"500\" title=\"pita\" loading=\"lazy\" role=\"img\"\/><\/figure><\/div>\n\n\n\n<div class=\"wp-block-uagb-container uagb-block-ukz7zglv\">\n<div class=\"wp-block-uagb-container uagb-block-aela6k1o\">\n<div class=\"wp-block-uagb-info-box uagb-block-9mylltcn uagb-infobox__content-wrap  uagb-infobox-icon-above-title uagb-infobox-image-valign-top\"><div class=\"uagb-ifb-content\"><div class=\"uagb-ifb-icon-wrap\"><svg xmlns=\"https:\/\/www.w3.org\/2000\/svg\" viewBox=\"0 0 448 512\"><path d=\"M438.6 105.4C451.1 117.9 451.1 138.1 438.6 150.6L182.6 406.6C170.1 419.1 149.9 419.1 137.4 406.6L9.372 278.6C-3.124 266.1-3.124 245.9 9.372 233.4C21.87 220.9 42.13 220.9 54.63 233.4L159.1 338.7L393.4 105.4C405.9 92.88 426.1 92.88 438.6 105.4H438.6z\"><\/path><\/svg><\/div><div class=\"uagb-ifb-title-wrap\"><h3 class=\"uagb-ifb-title\">Hazte socio.<\/h3><\/div><p class=\"uagb-ifb-desc\">Contribuye con una peque\u00f1a aportaci\u00f3n anual y ay\u00fadanos a seguir adelante con<br>nuestros proyectos.<\/p><\/div><\/div>\n\n\n\n<div class=\"wp-block-uagb-info-box uagb-block-crlvanys uagb-infobox__content-wrap  uagb-infobox-icon-above-title uagb-infobox-image-valign-top\"><div class=\"uagb-ifb-content\"><div class=\"uagb-ifb-icon-wrap\"><svg xmlns=\"https:\/\/www.w3.org\/2000\/svg\" viewBox=\"0 0 448 512\"><path d=\"M438.6 105.4C451.1 117.9 451.1 138.1 438.6 150.6L182.6 406.6C170.1 419.1 149.9 419.1 137.4 406.6L9.372 278.6C-3.124 266.1-3.124 245.9 9.372 233.4C21.87 220.9 42.13 220.9 54.63 233.4L159.1 338.7L393.4 105.4C405.9 92.88 426.1 92.88 438.6 105.4H438.6z\"><\/path><\/svg><\/div><div class=\"uagb-ifb-title-wrap\"><h3 class=\"uagb-ifb-title\">Participaci\u00f3n Activa<\/h3><\/div><p class=\"uagb-ifb-desc\"> Ayuda en la difusi\u00f3n de nuestras iniciativas o en eventos puntuales<br>sobre conservaci\u00f3n del medioambiente.<\/p><\/div><\/div>\n<\/div>\n\n\n\n<div class=\"wp-block-uagb-container uagb-block-anwvawbk\">\n<div class=\"wp-block-uagb-info-box uagb-block-8bxt670p uagb-infobox__content-wrap  uagb-infobox-icon-above-title uagb-infobox-image-valign-top\"><div class=\"uagb-ifb-content\"><div class=\"uagb-ifb-icon-wrap\"><svg xmlns=\"https:\/\/www.w3.org\/2000\/svg\" viewBox=\"0 0 448 512\"><path d=\"M438.6 105.4C451.1 117.9 451.1 138.1 438.6 150.6L182.6 406.6C170.1 419.1 149.9 419.1 137.4 406.6L9.372 278.6C-3.124 266.1-3.124 245.9 9.372 233.4C21.87 220.9 42.13 220.9 54.63 233.4L159.1 338.7L393.4 105.4C405.9 92.88 426.1 92.88 438.6 105.4H438.6z\"><\/path><\/svg><\/div><div class=\"uagb-ifb-title-wrap\"><h3 class=\"uagb-ifb-title\">Apadrina un espacio verde<\/h3><\/div><p class=\"uagb-ifb-desc\">Colabora en la conservaci\u00f3n de la biodiversidad apadrinando un<br>jard\u00edn, una planta o un \u00e1rea espec\u00edfica dentro de nuestros proyectos de regeneraci\u00f3n.<br><\/p><\/div><\/div>\n\n\n\n<div class=\"wp-block-uagb-info-box uagb-block-eglineu0 uagb-infobox__content-wrap  uagb-infobox-icon-above-title uagb-infobox-image-valign-top\"><div class=\"uagb-ifb-content\"><div class=\"uagb-ifb-icon-wrap\"><svg xmlns=\"https:\/\/www.w3.org\/2000\/svg\" viewBox=\"0 0 448 512\"><path d=\"M438.6 105.4C451.1 117.9 451.1 138.1 438.6 150.6L182.6 406.6C170.1 419.1 149.9 419.1 137.4 406.6L9.372 278.6C-3.124 266.1-3.124 245.9 9.372 233.4C21.87 220.9 42.13 220.9 54.63 233.4L159.1 338.7L393.4 105.4C405.9 92.88 426.1 92.88 438.6 105.4H438.6z\"><\/path><\/svg><\/div><div class=\"uagb-ifb-title-wrap\"><h3 class=\"uagb-ifb-title\">Colaboraci\u00f3n empresarial<\/h3><\/div><p class=\"uagb-ifb-desc\">Si representas a una empresa, puedes sumarte a nuestra causa a<br>trav\u00e9s de donaciones, patrocinio de eventos o voluntariado corporativo.<br>Cada esfuerzo suma. \u00a1S\u00famate hoy y forma parte del cambio!<\/p><\/div><\/div>\n<\/div>\n<\/div>\n<\/div>\n<\/div><\/div>\n\n\n\n<div class=\"wp-block-uagb-container uagb-block-oiavt3kg alignfull uagb-is-root-container\"><div class=\"uagb-container-inner-blocks-wrap\">\n<div class=\"wp-block-uagb-info-box uagb-block-l6v2n7k8 uagb-infobox__content-wrap  uagb-infobox-icon-above-title uagb-infobox-image-valign-top\"><div class=\"uagb-ifb-content\"><div class=\"uagb-ifb-title-wrap\"><p class=\"uagb-ifb-title-prefix\">DA UN PASO<\/p><h1 class=\"uagb-ifb-title\">Donaciones<\/h1><\/div><p class=\"uagb-ifb-desc\">Tu Aporte Transforma el Futuro<br>Con tu apoyo, podemos seguir restaurando espacios naturales, promoviendo la educaci\u00f3n ambiental y<br>protegiendo la biodiversidad en Almer\u00eda. Cada donaci\u00f3n que recibimos se invierte directamente en<br>nuestras iniciativas, garantizando un impacto real y medible en el entorno.<\/p><\/div><\/div>\n<\/div><\/div>\n\n\n\n<div class=\"wp-block-uagb-container uagb-block-qnmr1bwc alignfull uagb-is-root-container\"><div class=\"uagb-container-inner-blocks-wrap\">\n<div class=\"wp-block-uagb-info-box uagb-block-zn78lyzm uagb-infobox__content-wrap  uagb-infobox-icon-above-title uagb-infobox-image-valign-top wp-block-uagb-info-box--has-margin\"><div class=\"uagb-infobox-margin-wrapper\"><div class=\"uagb-ifb-content\"><div class=\"uagb-ifb-title-wrap\"><h2 class=\"uagb-ifb-title\">\u00bfC\u00f3mo se usan los fondos?<\/h2><\/div><\/div><\/div><\/div>\n\n\n\n<div class=\"wp-block-uagb-container uagb-block-13otmx4u\">\n<div class=\"wp-block-uagb-container uagb-block-u9me2s4n\">\n<div class=\"wp-block-uagb-info-box uagb-block-pjlpgnu3 uagb-infobox__content-wrap  uagb-infobox-icon-above-title uagb-infobox-image-valign-top\"><div class=\"uagb-ifb-content\"><div class=\"uagb-ifb-icon-wrap\"><div class=\"uagb-iconbox-icon-wrap uagb-infobox-shape-circle\"><svg xmlns=\"https:\/\/www.w3.org\/2000\/svg\" viewBox=\"0 0 448 512\"><path d=\"M438.6 105.4C451.1 117.9 451.1 138.1 438.6 150.6L182.6 406.6C170.1 419.1 149.9 419.1 137.4 406.6L9.372 278.6C-3.124 266.1-3.124 245.9 9.372 233.4C21.87 220.9 42.13 220.9 54.63 233.4L159.1 338.7L393.4 105.4C405.9 92.88 426.1 92.88 438.6 105.4H438.6z\"><\/path><\/svg><\/div><\/div><div class=\"uagb-ifb-title-wrap\"><p class=\"uagb-ifb-title\">Regeneraci\u00f3n de espacios naturales: <\/p><\/div><p class=\"uagb-ifb-desc\">Compra de semillas y plantas aut\u00f3ctonas, herramientas<br>para la revegetaci\u00f3n y materiales para la restauraci\u00f3n del suelo.<\/p><\/div><\/div>\n<\/div>\n\n\n\n<div class=\"wp-block-uagb-container uagb-block-av09ayhk\">\n<div class=\"wp-block-uagb-info-box uagb-block-10biiuty uagb-infobox__content-wrap  uagb-infobox-icon-above-title uagb-infobox-image-valign-top\"><div class=\"uagb-ifb-content\"><div class=\"uagb-ifb-icon-wrap\"><div class=\"uagb-iconbox-icon-wrap uagb-infobox-shape-circle\"><svg xmlns=\"https:\/\/www.w3.org\/2000\/svg\" viewBox=\"0 0 448 512\"><path d=\"M438.6 105.4C451.1 117.9 451.1 138.1 438.6 150.6L182.6 406.6C170.1 419.1 149.9 419.1 137.4 406.6L9.372 278.6C-3.124 266.1-3.124 245.9 9.372 233.4C21.87 220.9 42.13 220.9 54.63 233.4L159.1 338.7L393.4 105.4C405.9 92.88 426.1 92.88 438.6 105.4H438.6z\"><\/path><\/svg><\/div><\/div><div class=\"uagb-ifb-title-wrap\"><p class=\"uagb-ifb-title\">Protecci\u00f3n de la fauna: <\/p><\/div><p class=\"uagb-ifb-desc\">Construcci\u00f3n e instalaci\u00f3n de casas-nido y hoteles de insectos para<br>fomentar la biodiversidad.<\/p><\/div><\/div>\n<\/div>\n\n\n\n<div class=\"wp-block-uagb-container uagb-block-1tk7jgbw\">\n<div class=\"wp-block-uagb-info-box uagb-block-uzqsiy3v uagb-infobox__content-wrap  uagb-infobox-icon-above-title uagb-infobox-image-valign-top\"><div class=\"uagb-ifb-content\"><div class=\"uagb-ifb-icon-wrap\"><div class=\"uagb-iconbox-icon-wrap uagb-infobox-shape-circle\"><svg xmlns=\"https:\/\/www.w3.org\/2000\/svg\" viewBox=\"0 0 448 512\"><path d=\"M438.6 105.4C451.1 117.9 451.1 138.1 438.6 150.6L182.6 406.6C170.1 419.1 149.9 419.1 137.4 406.6L9.372 278.6C-3.124 266.1-3.124 245.9 9.372 233.4C21.87 220.9 42.13 220.9 54.63 233.4L159.1 338.7L393.4 105.4C405.9 92.88 426.1 92.88 438.6 105.4H438.6z\"><\/path><\/svg><\/div><\/div><div class=\"uagb-ifb-title-wrap\"><p class=\"uagb-ifb-title\">Educaci\u00f3n ambiental:<\/p><\/div><p class=\"uagb-ifb-desc\"> Organizaci\u00f3n de talleres, impresi\u00f3n de materiales educativos y desarrollo<\/p><\/div><\/div>\n<\/div>\n\n\n\n<div class=\"wp-block-uagb-container uagb-block-ipvgfzrg\">\n<div class=\"wp-block-uagb-info-box uagb-block-nhwsso41 uagb-infobox__content-wrap  uagb-infobox-icon-above-title uagb-infobox-image-valign-top\"><div class=\"uagb-ifb-content\"><div class=\"uagb-ifb-icon-wrap\"><div class=\"uagb-iconbox-icon-wrap uagb-infobox-shape-circle\"><svg xmlns=\"https:\/\/www.w3.org\/2000\/svg\" viewBox=\"0 0 448 512\"><path d=\"M438.6 105.4C451.1 117.9 451.1 138.1 438.6 150.6L182.6 406.6C170.1 419.1 149.9 419.1 137.4 406.6L9.372 278.6C-3.124 266.1-3.124 245.9 9.372 233.4C21.87 220.9 42.13 220.9 54.63 233.4L159.1 338.7L393.4 105.4C405.9 92.88 426.1 92.88 438.6 105.4H438.6z\"><\/path><\/svg><\/div><\/div><div class=\"uagb-ifb-title-wrap\"><p class=\"uagb-ifb-title\">Gesti\u00f3n y log\u00edstica:<\/p><\/div><p class=\"uagb-ifb-desc\">Transporte de equipos y materiales a las zonas de actuaci\u00f3n, as\u00ed como<br>mantenimiento de infraestructuras de conservaci\u00f3n.<\/p><\/div><\/div>\n<\/div>\n<\/div>\n<\/div><\/div>\n\n\n\n<div class=\"wp-block-uagb-container uagb-block-2d27aafa alignfull uagb-is-root-container\"><div class=\"uagb-container-inner-blocks-wrap\">\n<div class=\"wp-block-uagb-info-box uagb-block-e1b29081 uagb-infobox__content-wrap  uagb-infobox-icon-above-title uagb-infobox-image-valign-top wp-block-uagb-info-box--has-margin\"><div class=\"uagb-infobox-margin-wrapper\"><div class=\"uagb-ifb-content\"><div class=\"uagb-ifb-title-wrap\"><h2 class=\"uagb-ifb-title\">Cada aportaci\u00f3n Cuenta<\/h2><\/div><\/div><\/div><\/div>\n\n\n\n<p class=\"has-text-align-center has-ast-global-color-5-color has-text-color has-link-color wp-elements-838a8e910584d7fe2806639cb00e8a9d\">Cada aportaci\u00f3n, grande o peque\u00f1a, nos ayuda a seguir adelante. <br>Tu apoyo marca la diferencia.<\/p>\n<\/div><\/div>\n","protected":false},"excerpt":{"rendered":"<p>Cada aportaci\u00f3n, grande o peque\u00f1a, nos ayuda a seguir adelante. Tu apoyo marca la diferencia.<\/p>\n","protected":false},"author":1,"featured_media":0,"parent":0,"menu_order":0,"comment_status":"closed","ping_status":"closed","template":"","meta":{"_uag_custom_page_level_css":"","ub_ctt_via":"","site-sidebar-layout":"no-sidebar","site-content-layout":"","ast-site-content-layout":"","site-content-style":"default","site-sidebar-style":"default","ast-global-header-display":"","ast-banner-title-visibility":"disabled","ast-main-header-display":"","ast-hfb-above-header-display":"","ast-hfb-below-header-display":"","ast-hfb-mobile-header-display":"disabled","site-post-title":"","ast-breadcrumbs-content":"","ast-featured-img":"","footer-sml-layout":"","theme-transparent-header-meta":"enabled","adv-header-id-meta":"","stick-header-meta":"","header-above-stick-meta":"","header-main-stick-meta":"","header-below-stick-meta":"","astra-migrate-meta-layouts":"default","ast-page-background-enabled":"default","ast-page-background-meta":{"desktop":{"background-color":"var(--ast-global-color-4)","background-image":"","background-repeat":"repeat","background-position":"center center","background-size":"auto","background-attachment":"scroll","background-type":"color","background-media":"","overlay-type":"","overlay-color":"","overlay-opacity":"","overlay-gradient":""},"tablet":{"background-color":"","background-image":"","background-repeat":"repeat","background-position":"center center","background-size":"auto","background-attachment":"scroll","background-type":"","background-media":"","overlay-type":"","overlay-color":"","overlay-opacity":"","overlay-gradient":""},"mobile":{"background-color":"","background-image":"","background-repeat":"repeat","background-position":"center center","background-size":"auto","background-attachment":"scroll","background-type":"","background-media":"","overlay-type":"","overlay-color":"","overlay-opacity":"","overlay-gradient":""}},"ast-content-background-meta":{"desktop":{"background-color":"var(--ast-global-color-5)","background-image":"","background-repeat":"repeat","background-position":"center center","background-size":"auto","background-attachment":"scroll","background-type":"","background-media":"","overlay-type":"","overlay-color":"","overlay-opacity":"","overlay-gradient":""},"tablet":{"background-color":"var(--ast-global-color-5)","background-image":"","background-repeat":"repeat","background-position":"center center","background-size":"auto","background-attachment":"scroll","background-type":"color","background-media":"","overlay-type":"","overlay-color":"","overlay-opacity":"","overlay-gradient":""},"mobile":{"background-color":"var(--ast-global-color-5)","background-image":"","background-repeat":"repeat","background-position":"center center","background-size":"auto","background-attachment":"scroll","background-type":"","background-media":"","overlay-type":"","overlay-color":"","overlay-opacity":"","overlay-gradient":""}},"_themeisle_gutenberg_block_has_review":false,"footnotes":""},"class_list":["post-903","page","type-page","status-publish","hentry"],"featured_image_src":null,"uagb_featured_image_src":{"full":false,"thumbnail":false,"medium":false,"medium_large":false,"large":false,"1536x1536":false,"2048x2048":false},"uagb_author_info":{"display_name":"admin","author_link":"https:\/\/agroconta.es\/?author=1"},"uagb_comment_info":0,"uagb_excerpt":"Cada aportaci\u00f3n, grande o peque\u00f1a, nos ayuda a seguir adelante. Tu apoyo marca la diferencia.","_links":{"self":[{"href":"https:\/\/agroconta.es\/index.php?rest_route=\/wp\/v2\/pages\/903","targetHints":{"allow":["GET"]}}],"collection":[{"href":"https:\/\/agroconta.es\/index.php?rest_route=\/wp\/v2\/pages"}],"about":[{"href":"https:\/\/agroconta.es\/index.php?rest_route=\/wp\/v2\/types\/page"}],"author":[{"embeddable":true,"href":"https:\/\/agroconta.es\/index.php?rest_route=\/wp\/v2\/users\/1"}],"replies":[{"embeddable":true,"href":"https:\/\/agroconta.es\/index.php?rest_route=%2Fwp%2Fv2%2Fcomments&post=903"}],"version-history":[{"count":25,"href":"https:\/\/agroconta.es\/index.php?rest_route=\/wp\/v2\/pages\/903\/revisions"}],"predecessor-version":[{"id":963,"href":"https:\/\/agroconta.es\/index.php?rest_route=\/wp\/v2\/pages\/903\/revisions\/963"}],"wp:attachment":[{"href":"https:\/\/agroconta.es\/index.php?rest_route=%2Fwp%2Fv2%2Fmedia&parent=903"}],"curies":[{"name":"wp","href":"https:\/\/api.w.org\/{rel}","templated":true}]}}