{"id":562,"date":"2025-03-15T19:42:44","date_gmt":"2025-03-15T19:42:44","guid":{"rendered":"https:\/\/agroconta.es\/about\/"},"modified":"2025-03-22T18:59:47","modified_gmt":"2025-03-22T17:59:47","slug":"quienes-somos","status":"publish","type":"page","link":"https:\/\/agroconta.es\/?page_id=562","title":{"rendered":"Sobre Nosotros-"},"content":{"rendered":"\n<div class=\"wp-block-uagb-container uagb-layout-grid uagb-block-edf9ad47 alignfull uagb-is-root-container\"><div class=\"uagb-container-inner-blocks-wrap\">\n<div class=\"wp-block-uagb-image uagb-block-bea246a8 wp-block-uagb-image--layout-default wp-block-uagb-image--effect-static wp-block-uagb-image--align-none uag-hide-mob\"><figure class=\"wp-block-uagb-image__figure\"><img loading=\"lazy\" decoding=\"async\" srcset=\"https:\/\/agroconta.es\/wp-content\/uploads\/2025\/03\/espaciador.webp ,https:\/\/agroconta.es\/wp-content\/uploads\/2025\/03\/espaciador.webp 780w, https:\/\/agroconta.es\/wp-content\/uploads\/2025\/03\/espaciador.webp 360w\" sizes=\"auto, (max-width: 480px) 150px\" src=\"https:\/\/agroconta.es\/wp-content\/uploads\/2025\/03\/espaciador.webp\" alt=\"\" class=\"uag-image-887\" width=\"180\" height=\"180\" title=\"espaciador\" role=\"img\"\/><\/figure><\/div>\n\n\n\n<div class=\"wp-block-uagb-info-box uagb-block-360d083e uagb-infobox__content-wrap  uagb-infobox-icon-above-title uagb-infobox-image-valign-top wp-block-uagb-info-box--has-margin\"><div class=\"uagb-infobox-margin-wrapper\"><div class=\"uagb-ifb-content\"><div class=\"uagb-ifb-title-wrap\"><p class=\"uagb-ifb-title-prefix\">Naturaleza Viva<\/p><h1 class=\"uagb-ifb-title\">Conservaci\u00f3n y Restauraci\u00f3n de Almer\u00eda<\/h1><\/div><p class=\"uagb-ifb-desc\">Un esfuerzo comunitario para proteger y restaurar los ecosistemas de Almer\u00eda. \u00danete a nuestra misi\u00f3n por un entorno sostenible.<\/p><div class=\"uagb-ifb-button-wrapper wp-block-button\"><a href=\"\/unete-a-almeriabiodiversa\" class=\"uagb-infobox-cta-link wp-block-button__link\" target=\"_self\" rel=\"noopener noreferrer\" onclick=\"return true;\"><span class=\"uagb-inline-editing\">\u00danete Ahora<\/span><\/a><\/div><\/div><\/div><\/div>\n\n\n\n<div class=\"wp-block-uagb-image uagb-block-19fcaac7 wp-block-uagb-image--layout-default wp-block-uagb-image--effect-static wp-block-uagb-image--align-none uag-hide-mob\"><figure class=\"wp-block-uagb-image__figure\"><img decoding=\"async\" srcset=\"https:\/\/agroconta.es\/wp-content\/uploads\/2025\/03\/espaciador.webp ,https:\/\/agroconta.es\/wp-content\/uploads\/2025\/03\/espaciador.webp 780w, https:\/\/agroconta.es\/wp-content\/uploads\/2025\/03\/espaciador.webp 360w\" sizes=\"auto, (max-width: 480px) 150px\" src=\"https:\/\/agroconta.es\/wp-content\/uploads\/2025\/03\/espaciador.webp\" alt=\"\" class=\"uag-image-887\" width=\"180\" height=\"180\" title=\"espaciador\" loading=\"lazy\" role=\"img\"\/><\/figure><\/div>\n<\/div><\/div>\n\n\n\n<div class=\"wp-block-uagb-container uagb-layout-flex uagb-block-edf9ad47 alignfull uagb-is-root-container\"><div class=\"uagb-container-inner-blocks-wrap\">\n<div class=\"wp-block-uagb-advanced-heading uagb-block-022836bc\"><p class=\"uagb-desc-text\">Nuestra Misi\u00f3n<\/p><h1 class=\"uagb-heading-text\">Comprometidos con la Conservaci\u00f3n de Almer\u00eda<\/h1><\/div>\n<\/div><\/div>\n\n\n\n<div class=\"wp-block-uagb-container uagb-layout-grid uagb-block-889b654d alignfull uagb-is-root-container\"><div class=\"uagb-container-inner-blocks-wrap\">\n<div class=\"wp-block-uagb-advanced-heading uagb-block-1f8f3c3f\"><p class=\"uagb-desc-text\">Sobre Nosotros<\/p><h2 class=\"uagb-heading-text\">Una Asociaci\u00f3n por la Regeneraci\u00f3n Ambiental<\/h2><\/div>\n\n\n\n<div class=\"wp-block-uagb-container uagb-layout-flex uagb-block-63e0ef61\">\n<div class=\"wp-block-uagb-advanced-heading uagb-block-11111ede\"><h3 class=\"uagb-heading-text\">Almer\u00eda Biodiversa ha logrado resultados significativos en la conservaci\u00f3n de espacios naturales, creando conciencia sobre la importancia de la biodiversidad.<\/h3><p class=\"uagb-desc-text\">Nuestro compromiso con la sostenibilidad y el esfuerzo comunitario han permitido llevar a cabo proyectos exitosos. A trav\u00e9s de talleres, programas de voluntariado y colaboraciones, estamos transformando Almer\u00eda en un lugar donde personas y naturaleza coexisten en armon\u00eda.<\/p><\/div>\n\n\n\n<div class=\"wp-block-uagb-container uagb-layout-grid uagb-block-1f2e5329\">\n<div class=\"wp-block-uagb-counter uagb-block-c405ce85 wp-block-uagb-counter--number\"><div class=\"wp-block-uagb-counter__number\"><span class=\"uagb-counter-block-number\" data-duration=\"1.5\" data-to-value=\"98\" data-from-value=\"0\" data-delimiter=\",\"><\/span><span class=\"uagb-counter-block-suffix\">%<\/span><\/div><div class=\"wp-block-uagb-counter__title\">A\u00f1os de experiencia<\/div><\/div>\n\n\n\n<div class=\"wp-block-uagb-counter uagb-block-5d03f64c wp-block-uagb-counter--number\"><div class=\"wp-block-uagb-counter__number\"><span class=\"uagb-counter-block-number\" data-duration=\"1.5\" data-to-value=\"200\" data-from-value=\"0\" data-delimiter=\",\"><\/span><span class=\"uagb-counter-block-suffix\">+<\/span><\/div><div class=\"wp-block-uagb-counter__title\">Clientes atendidos<\/div><\/div>\n\n\n\n<div class=\"wp-block-uagb-counter uagb-block-803805b1 wp-block-uagb-counter--number\"><div class=\"wp-block-uagb-counter__number\"><span class=\"uagb-counter-block-number\" data-duration=\"1.5\" data-to-value=\"12\" data-from-value=\"0\" data-delimiter=\",\"><\/span><span class=\"uagb-counter-block-suffix\">K<\/span><\/div><div class=\"wp-block-uagb-counter__title\">Lorem Ipsum<\/div><\/div>\n<\/div>\n<\/div>\n\n\n\n<div class=\"wp-block-uagb-container uagb-block-1f905456\">\n<div class=\"wp-block-uagb-image alignleft uagb-block-5d6e02fa wp-block-uagb-image--layout-default wp-block-uagb-image--effect-static wp-block-uagb-image--align-left\"><figure class=\"wp-block-uagb-image__figure\"><img decoding=\"async\" srcset=\"https:\/\/agroconta.es\/wp-content\/uploads\/2025\/03\/pexels-photo-1581101.jpeg ,https:\/\/agroconta.es\/wp-content\/uploads\/2025\/03\/pexels-photo-1581101.jpeg 780w, https:\/\/agroconta.es\/wp-content\/uploads\/2025\/03\/pexels-photo-1581101.jpeg 360w\" sizes=\"auto, (max-width: 480px) 150px\" src=\"https:\/\/agroconta.es\/wp-content\/uploads\/2025\/03\/pexels-photo-1581101.jpeg\" alt=\"\" class=\"uag-image-107\" width=\"1020\" height=\"400\" title=\"who-we-are-img\" loading=\"lazy\" role=\"img\"\/><\/figure><\/div>\n<\/div>\n<\/div><\/div>\n\n\n\n<div class=\"wp-block-uagb-container uagb-layout-grid uagb-block-ff28d7e0 alignfull uagb-is-root-container\"><div class=\"uagb-container-inner-blocks-wrap\">\n<div class=\"wp-block-uagb-advanced-heading uagb-block-770336da\"><h3 class=\"uagb-heading-text\">Nuestra Misi\u00f3n<\/h3><p class=\"uagb-desc-text\">En Almer\u00eda Biodiversa, nos dedicamos a la conservaci\u00f3n y restauraci\u00f3n de los espacios naturales de Almer\u00eda. Fomentamos la participaci\u00f3n comunitaria para regenerar ecosistemas da\u00f1ados y promover una convivencia sostenible entre las personas y su entorno natural.<\/p><\/div>\n\n\n\n<div class=\"wp-block-uagb-advanced-heading uagb-block-f1a98bc0\"><h3 class=\"uagb-heading-text\">Nuestra Visi\u00f3n<\/h3><p class=\"uagb-desc-text\">Aspiramos a una Almer\u00eda donde la biodiversidad sea respetada y protegida. Nuestra visi\u00f3n es ser un referente en la regeneraci\u00f3n ambiental y en la educaci\u00f3n ecol\u00f3gica, inspirando a la comunidad a adoptar pr\u00e1cticas sostenibles que aseguren un futuro saludable para todos.<\/p><\/div>\n\n\n\n<div class=\"wp-block-uagb-image uagb-block-5155eb65 wp-block-uagb-image--layout-default wp-block-uagb-image--effect-static wp-block-uagb-image--align-none\"><figure class=\"wp-block-uagb-image__figure\"><img decoding=\"async\" srcset=\"https:\/\/agroconta.es\/wp-content\/uploads\/2025\/03\/pexels-photo-3119957.jpeg ,https:\/\/agroconta.es\/wp-content\/uploads\/2025\/03\/pexels-photo-3119957.jpeg 780w, https:\/\/agroconta.es\/wp-content\/uploads\/2025\/03\/pexels-photo-3119957.jpeg 360w\" sizes=\"auto, (max-width: 480px) 150px\" src=\"https:\/\/agroconta.es\/wp-content\/uploads\/2025\/03\/pexels-photo-3119957.jpeg\" alt=\"\" class=\"uag-image-108\" width=\"400\" height=\"460\" title=\"mission-img\" loading=\"lazy\" role=\"img\"\/><\/figure><\/div>\n<\/div><\/div>\n\n\n\n<div class=\"wp-block-uagb-container uagb-layout-grid uagb-block-ec9486ee default uagb-is-root-container\">\n<div class=\"wp-block-uagb-image uagb-block-936d1125 wp-block-uagb-image--layout-default wp-block-uagb-image--effect-static wp-block-uagb-image--align-none\"><figure class=\"wp-block-uagb-image__figure\"><img decoding=\"async\" srcset=\"https:\/\/agroconta.es\/wp-content\/uploads\/2025\/03\/pexels-photo-2662156.jpeg ,https:\/\/agroconta.es\/wp-content\/uploads\/2025\/03\/pexels-photo-2662156.jpeg 780w, https:\/\/agroconta.es\/wp-content\/uploads\/2025\/03\/pexels-photo-2662156.jpeg 360w\" sizes=\"auto, (max-width: 480px) 150px\" src=\"https:\/\/agroconta.es\/wp-content\/uploads\/2025\/03\/pexels-photo-2662156.jpeg\" alt=\"\" class=\"uag-image-109\" width=\"522\" height=\"440\" title=\"journey-img\" loading=\"lazy\" role=\"img\"\/><\/figure><\/div>\n\n\n\n<div class=\"wp-block-uagb-info-box uagb-block-5a2bc621 uagb-infobox__content-wrap  uagb-infobox-icon-above-title uagb-infobox-image-valign-top wp-block-uagb-info-box--has-margin\"><div class=\"uagb-infobox-margin-wrapper\"><div class=\"uagb-ifb-content\"><div class=\"uagb-ifb-title-wrap\"><span class=\"uagb-ifb-title-prefix\">Nuestra Trayectoria<\/span><h2 class=\"uagb-ifb-title\">Historia de Almer\u00eda Biodiversa<\/h2><\/div><p class=\"uagb-ifb-desc\">Almer\u00eda Biodiversa nace de la necesidad urgente de proteger la riqueza natural que nos rodea. Con un enfoque en la colaboraci\u00f3n y la educaci\u00f3n, hemos trabajado incansablemente desde nuestros inicios para restaurar ecosistemas y fomentar una cultura de sostenibilidad entre la poblaci\u00f3n de Almer\u00eda.<\/p><\/div><\/div><\/div>\n<\/div>\n\n\n\n<div class=\"wp-block-uagb-container uagb-layout-grid uagb-block-d17d52f5 alignfull uagb-is-root-container\"><div class=\"uagb-container-inner-blocks-wrap\">\n<div class=\"wp-block-uagb-image uagb-block-f5c79397 wp-block-uagb-image--layout-default wp-block-uagb-image--effect-static wp-block-uagb-image--align-none uag-hide-mob\"><figure class=\"wp-block-uagb-image__figure\"><img decoding=\"async\" srcset=\"https:\/\/agroconta.es\/wp-content\/uploads\/2025\/03\/espaciador.webp ,https:\/\/agroconta.es\/wp-content\/uploads\/2025\/03\/espaciador.webp 780w, https:\/\/agroconta.es\/wp-content\/uploads\/2025\/03\/espaciador.webp 360w\" sizes=\"auto, (max-width: 480px) 150px\" src=\"https:\/\/agroconta.es\/wp-content\/uploads\/2025\/03\/espaciador.webp\" alt=\"\" class=\"uag-image-887\" width=\"180\" height=\"180\" title=\"espaciador\" loading=\"lazy\" role=\"img\"\/><\/figure><\/div>\n\n\n\n<div class=\"wp-block-uagb-info-box uagb-block-e0e0877b uagb-infobox__content-wrap  uagb-infobox-icon-above-title uagb-infobox-image-valign-top wp-block-uagb-info-box--has-margin\"><div class=\"uagb-infobox-margin-wrapper\"><div class=\"uagb-ifb-content\"><div class=\"uagb-ifb-title-wrap\"><p class=\"uagb-ifb-title-prefix\">Act\u00faa Ahora<\/p><h2 class=\"uagb-ifb-title\">Contribuye a la Conservaci\u00f3n de la Naturaleza Hoy<\/h2><\/div><p class=\"uagb-ifb-desc\">\u00danete a nosotros y s\u00e9 parte del cambio hacia un futuro m\u00e1s verde y sostenible para Almer\u00eda.<\/p><div class=\"uagb-ifb-button-wrapper wp-block-button\"><a href=\"\/unete-a-almeriabiodiversa\" class=\"uagb-infobox-cta-link wp-block-button__link\" target=\"_self\" rel=\"noopener noreferrer\" onclick=\"return true;\"><span class=\"uagb-inline-editing\">\u00danete Ahora<\/span><\/a><\/div><\/div><\/div><\/div>\n\n\n\n<div class=\"wp-block-uagb-image uagb-block-7baf2f18 wp-block-uagb-image--layout-default wp-block-uagb-image--effect-static wp-block-uagb-image--align-none uag-hide-mob\"><figure class=\"wp-block-uagb-image__figure\"><img decoding=\"async\" srcset=\"https:\/\/agroconta.es\/wp-content\/uploads\/2025\/03\/espaciador.webp ,https:\/\/agroconta.es\/wp-content\/uploads\/2025\/03\/espaciador.webp 780w, https:\/\/agroconta.es\/wp-content\/uploads\/2025\/03\/espaciador.webp 360w\" sizes=\"auto, (max-width: 480px) 150px\" src=\"https:\/\/agroconta.es\/wp-content\/uploads\/2025\/03\/espaciador.webp\" alt=\"\" class=\"uag-image-887\" width=\"180\" height=\"180\" title=\"espaciador\" loading=\"lazy\" role=\"img\"\/><\/figure><\/div>\n<\/div><\/div>\n","protected":false},"excerpt":{"rendered":"<p>Nuestra Misi\u00f3n Comprometidos con la Conservaci\u00f3n de Almer\u00eda Sobre Nosotros Una Asociaci\u00f3n por la Regeneraci\u00f3n Ambiental Almer\u00eda Biodiversa ha logrado [&hellip;]<\/p>\n","protected":false},"author":1,"featured_media":0,"parent":0,"menu_order":0,"comment_status":"closed","ping_status":"closed","template":"","meta":{"_uag_custom_page_level_css":"","ub_ctt_via":"","site-sidebar-layout":"default","site-content-layout":"","ast-site-content-layout":"","site-content-style":"default","site-sidebar-style":"default","ast-global-header-display":"","ast-banner-title-visibility":"","ast-main-header-display":"","ast-hfb-above-header-display":"","ast-hfb-below-header-display":"","ast-hfb-mobile-header-display":"","site-post-title":"disabled","ast-breadcrumbs-content":"","ast-featured-img":"","footer-sml-layout":"","theme-transparent-header-meta":"enabled","adv-header-id-meta":"","stick-header-meta":"","header-above-stick-meta":"","header-main-stick-meta":"","header-below-stick-meta":"","astra-migrate-meta-layouts":"default","ast-page-background-enabled":"default","ast-page-background-meta":{"desktop":{"background-color":"var(--ast-global-color-4)","background-image":"","background-repeat":"repeat","background-position":"center center","background-size":"auto","background-attachment":"scroll","background-type":"","background-media":"","overlay-type":"","overlay-color":"","overlay-opacity":"","overlay-gradient":""},"tablet":{"background-color":"","background-image":"","background-repeat":"repeat","background-position":"center center","background-size":"auto","background-attachment":"scroll","background-type":"","background-media":"","overlay-type":"","overlay-color":"","overlay-opacity":"","overlay-gradient":""},"mobile":{"background-color":"","background-image":"","background-repeat":"repeat","background-position":"center center","background-size":"auto","background-attachment":"scroll","background-type":"","background-media":"","overlay-type":"","overlay-color":"","overlay-opacity":"","overlay-gradient":""}},"ast-content-background-meta":{"desktop":{"background-color":"var(--ast-global-color-5)","background-image":"","background-repeat":"repeat","background-position":"center center","background-size":"auto","background-attachment":"scroll","background-type":"","background-media":"","overlay-type":"","overlay-color":"","overlay-opacity":"","overlay-gradient":""},"tablet":{"background-color":"var(--ast-global-color-5)","background-image":"","background-repeat":"repeat","background-position":"center center","background-size":"auto","background-attachment":"scroll","background-type":"","background-media":"","overlay-type":"","overlay-color":"","overlay-opacity":"","overlay-gradient":""},"mobile":{"background-color":"var(--ast-global-color-5)","background-image":"","background-repeat":"repeat","background-position":"center center","background-size":"auto","background-attachment":"scroll","background-type":"","background-media":"","overlay-type":"","overlay-color":"","overlay-opacity":"","overlay-gradient":""}},"_themeisle_gutenberg_block_has_review":false,"footnotes":""},"class_list":["post-562","page","type-page","status-publish","hentry"],"featured_image_src":null,"uagb_featured_image_src":{"full":false,"thumbnail":false,"medium":false,"medium_large":false,"large":false,"1536x1536":false,"2048x2048":false},"uagb_author_info":{"display_name":"admin","author_link":"https:\/\/agroconta.es\/?author=1"},"uagb_comment_info":0,"uagb_excerpt":"Nuestra Misi\u00f3n Comprometidos con la Conservaci\u00f3n de Almer\u00eda Sobre Nosotros Una Asociaci\u00f3n por la Regeneraci\u00f3n Ambiental Almer\u00eda Biodiversa ha logrado [&hellip;]","_links":{"self":[{"href":"https:\/\/agroconta.es\/index.php?rest_route=\/wp\/v2\/pages\/562","targetHints":{"allow":["GET"]}}],"collection":[{"href":"https:\/\/agroconta.es\/index.php?rest_route=\/wp\/v2\/pages"}],"about":[{"href":"https:\/\/agroconta.es\/index.php?rest_route=\/wp\/v2\/types\/page"}],"author":[{"embeddable":true,"href":"https:\/\/agroconta.es\/index.php?rest_route=\/wp\/v2\/users\/1"}],"replies":[{"embeddable":true,"href":"https:\/\/agroconta.es\/index.php?rest_route=%2Fwp%2Fv2%2Fcomments&post=562"}],"version-history":[{"count":7,"href":"https:\/\/agroconta.es\/index.php?rest_route=\/wp\/v2\/pages\/562\/revisions"}],"predecessor-version":[{"id":959,"href":"https:\/\/agroconta.es\/index.php?rest_route=\/wp\/v2\/pages\/562\/revisions\/959"}],"wp:attachment":[{"href":"https:\/\/agroconta.es\/index.php?rest_route=%2Fwp%2Fv2%2Fmedia&parent=562"}],"curies":[{"name":"wp","href":"https:\/\/api.w.org\/{rel}","templated":true}]}}