{"id":25,"date":"2025-03-14T22:41:02","date_gmt":"2025-03-14T22:41:02","guid":{"rendered":"https:\/\/agroconta.es\/?page_id=25"},"modified":"2025-03-22T18:58:00","modified_gmt":"2025-03-22T17:58:00","slug":"almeriabiodiversa-quines-somos","status":"publish","type":"page","link":"https:\/\/agroconta.es\/?page_id=25","title":{"rendered":"Sobre Nosotros"},"content":{"rendered":"<p>Equilibrio ecol\u00f3gico \ud83c\udf31\ud83c\udf0e<br \/>La biodiversidad mantiene el funcionamiento de los ecosistemas, asegurando procesos como la polinizaci\u00f3n, la purificaci\u00f3n del agua y el control de<br \/>plagas.<br \/>1. Seguridad alimentaria \ud83c\udf4e\ud83c\udf3e<br \/>Muchas especies proporcionan alimentos, medicinas y otros recursos esenciales para la humanidad.<br \/>2. Estabilidad clim\u00e1tica \ud83c\udf0d\ud83c\udf21\ufe0f<br \/>Los ecosistemas ricos en biodiversidad, como los bosques y oc\u00e9anos, ayudan a regular el clima al absorber carbono y reducir los efectos del<br \/>cambio clim\u00e1tico.<br \/>3. Medicina y salud \ud83d\udc8a\ud83c\udf3f<br \/>Muchas medicinas provienen de plantas y microorganismos, por lo que perder biodiversidad podr\u00eda significar perder futuras curas para<br \/>enfermedades.<br \/>4. Cultura y recreaci\u00f3n \ud83c\udfa8\ud83c\udf3f<br \/>La biodiversidad es clave en muchas culturas, tradiciones y actividades recreativas, como el ecoturismo y la espiritualidad.<br \/>5. Resistencia ante desastres \ud83c\udf2a\ufe0f\ud83e\udda0<br \/>Los ecosistemas diversos son m\u00e1s resilientes ante cambios ambientales y desastres naturales, asegurando la supervivencia de especies y la<br \/>estabilidad de los h\u00e1bitats.<br \/>\u00bfPor qu\u00e9 es importante la biodiversidad?<br \/>La p\u00e9rdida de biodiversidad, causada por la deforestaci\u00f3n, la contaminaci\u00f3n, el cambio clim\u00e1tico y la sobreexplotaci\u00f3n de recursos, pone en riesgo<br \/>todos estos beneficios. \u00a1Proteger la biodiversidad es proteger la vida en la Tierra! \ud83c\udf0e\u2728<\/p>\n\n<img decoding=\"async\" class=\"is-layout-flow wp-block-cover-is-layout-flow wp-container-core-group-is-layout-a77db08e wp-block-group-is-layout-flow\" alt=\"\" src=\"https:\/\/demo.gutenify.com\/gutenify-fitness-club-pro\/wp-content\/uploads\/sites\/201\/2025\/03\/cta-banner.jpg\" style=\"object-position:42% 100%;aspect-ratio:unset;\" data-object-fit=\"cover\" data-object-position=\"42% 100%\" \/>\n<h1 style=\"padding-top:0;padding-bottom:0;padding-left:0;padding-right:0;\" class=\"inherit-container-width has-text-align-center alignwide wp-block-post-title has-text-color has-white-color has-huge-font-size is-layout-constrained wp-block-group-is-layout-constrained\">Sobre Nosotros<\/h1>\n\n\n\n\n\n\n<img decoding=\"async\" style=\"aspect-ratio:unset;\" class=\"inherit-container-width is-layout-flow wp-block-cover-is-layout-flow wp-block-column-is-layout-flow is-layout-flex wp-container-core-columns-is-layout-9a1cae26 wp-block-columns-is-layout-flex is-layout-constrained wp-container-core-group-is-layout-082e5eb5 wp-block-group-is-layout-constrained\" alt=\"\" src=\"https:\/\/demo.gutenify.com\/gutenify-fitness-club-pro\/wp-content\/uploads\/sites\/201\/2025\/02\/Frame-1000011114.png\" data-object-fit=\"cover\" \/>\n\n<figure class=\"wp-duotone-cf2e2e-fff-1 is-layout-constrained wp-block-group-is-layout-constrained\"><a href=\"#\"><img decoding=\"async\" src=\"https:\/\/demo.gutenify.com\/gutenify-infi-pro\/wp-content\/themes\/gutenify-infi\/images\/play-button.png\" alt=\"\" style=\"width:88px;height:88px\" title=\"\" \/><\/a><\/figure>\n\n\n\n\n\n\n\n\n<p class=\"inherit-container-width is-layout-flow wp-container-core-group-is-layout-fe0e2ea3 wp-block-group-is-layout-flow is-layout-constrained wp-block-group-is-layout-constrained wp-block-column-is-layout-flow\" style=\"letter-spacing:0px\"><strong>Fitness All About\t<\/strong><\/p>\n\n\n<h2 class=\"wp-block-heading\" style=\"margin-bottom:14px;line-height:1.6;text-transform:capitalize\">What is Functional\t<\/h2>\n\n\n<p class=\"wp-elements-22f5c7cc1fdbffa4a7c7dbf147faa0d0\">Kick your feet up! With a gym designed around you, we think you will love it here.\t<\/p>\n\n\n<p class=\"wp-elements-f30c2e9a97942ccf819df5a01e8f9233\">Our state of the art gyms provide you with a great place to work out in, whether you are there to burn off some calories or are training for something more specific, Why no visit your nearest Gym Center and take a look?\t<\/p>\n\n\n\n\n<figure class=\"wp-duotone-fcd366-111-2 is-content-justification-left is-nowrap is-layout-flex wp-container-core-group-is-layout-fc9f69e7 wp-block-group-is-layout-flex is-layout-constrained wp-container-core-group-is-layout-08b3acf5 wp-block-group-is-layout-constrained\"><img decoding=\"async\" src=\"https:\/\/demo.gutenify.com\/gutenify-fitness-club-pro\/wp-content\/themes\/gutenify-fitness-club\/assets\/images\/dumbbell.png\" alt=\"\" style=\"width:50px;height:auto\" \/><\/figure>\n\n\n\n<h3 class=\"wp-block-heading is-layout-constrained wp-container-core-group-is-layout-19e250f3 wp-block-group-is-layout-constrained\" style=\"font-style:normal;font-weight:500\">Free Fitness Training\t<\/h3>\n\n\n<p>Aliquam gravida, auglaoreeting and pulvinar,\t<\/p>\n\n\n\n\n\n<figure class=\"wp-duotone-fcd366-111-3 is-content-justification-left is-nowrap is-layout-flex wp-container-core-group-is-layout-fc9f69e7 wp-block-group-is-layout-flex\"><img decoding=\"async\" src=\"https:\/\/demo.gutenify.com\/gutenify-fitness-club-pro\/wp-content\/themes\/gutenify-fitness-club\/assets\/images\/treadmill.png\" alt=\"\" style=\"width:47px;height:auto\" \/><\/figure>\n\n\n\n<h3 class=\"wp-block-heading is-layout-constrained wp-container-core-group-is-layout-19e250f3 wp-block-group-is-layout-constrained\" style=\"font-style:normal;font-weight:500\">Cardio &amp; Strength\t<\/h3>\n\n\n<p>Aliquam gravida, auglaoreeting and pulvinar,\t<\/p>\n\n\n\n\n\n\n\n<a class=\"is-layout-flex wp-block-buttons-is-layout-flex\">Book An Appointment\t<\/a>\n\n\n\n\n\n\n\n\n\n\n\n\n<hr class=\"inherit-container-width wp-container-content-e1bb55cb is-nowrap is-layout-flex wp-container-core-group-is-layout-17c695da wp-block-group-is-layout-flex is-layout-constrained wp-container-core-group-is-layout-c19476fc wp-block-group-is-layout-constrained is-content-justification-space-between wp-container-core-group-is-layout-e035c2ac wp-container-core-group-is-layout-df8d34d8 wp-container-core-group-is-layout-082e5eb5\" \/>\n\n\n<h2 class=\"wp-block-heading wp-elements-aee560c6a387bf6d52f4f99afcf9164d\" style=\"font-style:normal;font-weight:700;text-transform:capitalize\">Testimonials<\/h2>\n\n\n\n<p class=\"wp-elements-9bb7c4632a4aaed578cefc2c1011b31f\">Client Feed Back<\/p>\n\n\n\n\n\n<a class=\"is-style-outline--4 is-content-justification-left is-layout-flex wp-container-core-buttons-is-layout-74e76067 wp-block-buttons-is-layout-flex is-content-justification-center is-nowrap wp-container-core-group-is-layout-0d4f9366 wp-block-group-is-layout-flex\" href=\"#\" style=\"border-top-style:none;border-top-width:0px;border-right-style:none;border-right-width:0px;border-bottom-color:var(--wp--preset--color--primary);border-bottom-width:2px;border-left-style:none;border-left-width:0px;padding-top:0;padding-right:0px;padding-bottom:0;padding-left:0px\">Give Feedback<\/a>\n\n\n\n\n\n\n\n\n<figure class=\"is-layout-flow wp-container-core-column-is-layout-e3d1c41b wp-block-column-is-layout-flow is-layout-flex wp-container-core-columns-is-layout-2e1d6910 wp-block-columns-is-layout-flex is-layout-grid wp-container-core-group-is-layout-65b51731 wp-block-group-is-layout-grid\"><img decoding=\"async\" src=\"https:\/\/demo.gutenify.com\/gutenify-bold\/wp-content\/themes\/gutenify-bold\/assets\/images\/testimonials.jpg\" alt=\"\" style=\"border-style:none;border-width:0px;border-radius:0px;aspect-ratio:1;object-fit:cover\" \/><\/figure>\n\n\n\n<h4 class=\"wp-block-heading wp-elements-37d5ca5c7000f7cd9d4e6689b2c3d5bf is-layout-constrained wp-container-core-group-is-layout-19e250f3 wp-block-group-is-layout-constrained\">Gordo Thomson<\/h4>\n\n\n<p class=\"wp-elements-dd959ad4355ac3642d237e3a52833c60\" style=\"font-size:0.93rem\">USA, Florida<\/p>\n\n\n\n\n\n\n\n<h3 class=\"wp-block-heading wp-elements-abc8784fe57932d242d3007d0f86f5d8 is-layout-flow wp-container-core-group-is-layout-9b635ac4 wp-block-group-is-layout-flow is-layout-constrained wp-container-core-group-is-layout-c19476fc wp-block-group-is-layout-constrained wp-block-column-is-layout-flow\">Efficient and Reliable<\/h3>\n\n\n<p class=\"wp-elements-cca2cf4973b45a377cadecb8ae2b5997\">Our clients\u2019 words speak volumes. Explore testimonials from businesses that have transformed their operations, achieved remarkable results, and built lasting partnerships with us. <\/p>\n\n\n\n\n<figure class=\"is-content-justification-left is-layout-constrained wp-container-core-group-is-layout-3540e7cd wp-block-group-is-layout-constrained\"><img decoding=\"async\" src=\"https:\/\/demo.gutenify.com\/gutenify-bold\/wp-content\/themes\/gutenify-bold\/assets\/images\/star-1.png\" alt=\"\" style=\"width:120px\" \/><\/figure>\n\n\n\n\n\n\n\n\n<figure class=\"is-layout-flow wp-container-core-column-is-layout-e3d1c41b wp-block-column-is-layout-flow is-layout-flex wp-container-core-columns-is-layout-2e1d6910 wp-block-columns-is-layout-flex\"><img decoding=\"async\" src=\"https:\/\/demo.gutenify.com\/gutenify-bold\/wp-content\/themes\/gutenify-bold\/assets\/images\/testimonials-2.jpg\" alt=\"\" style=\"border-style:none;border-width:0px;border-radius:0px;aspect-ratio:1;object-fit:cover\" \/><\/figure>\n\n\n\n<h4 class=\"wp-block-heading wp-elements-37d5ca5c7000f7cd9d4e6689b2c3d5bf is-layout-constrained wp-container-core-group-is-layout-19e250f3 wp-block-group-is-layout-constrained\">Gordo Thomson<\/h4>\n\n\n<p class=\"wp-elements-dd959ad4355ac3642d237e3a52833c60\" style=\"font-size:0.93rem\">USA, Florida<\/p>\n\n\n\n\n\n\n\n<h3 class=\"wp-block-heading wp-elements-abc8784fe57932d242d3007d0f86f5d8 is-layout-flow wp-container-core-group-is-layout-9b635ac4 wp-block-group-is-layout-flow is-layout-constrained wp-container-core-group-is-layout-c19476fc wp-block-group-is-layout-constrained wp-block-column-is-layout-flow\">Efficient and Reliable<\/h3>\n\n\n<p class=\"wp-elements-937c378d67fa2689f39260f6771ce4aa\">Our clients\u2019 words speak volumes. Explore testimonials from businesses that have transformed their operations, achieved remarkable results, and built lasting partnerships with us.<\/p>\n\n\n\n\n<figure class=\"is-content-justification-left is-layout-constrained wp-container-core-group-is-layout-3540e7cd wp-block-group-is-layout-constrained\"><img decoding=\"async\" src=\"https:\/\/demo.gutenify.com\/gutenify-bold\/wp-content\/themes\/gutenify-bold\/assets\/images\/star-1.png\" alt=\"\" style=\"width:120px\" \/><\/figure>\n\n\n\n\n\n\n\n\n","protected":false},"excerpt":{"rendered":"<p>Equilibrio ecol\u00f3gico \ud83c\udf31\ud83c\udf0eLa biodiversidad mantiene el funcionamiento de los ecosistemas, asegurando procesos como la polinizaci\u00f3n, la purificaci\u00f3n del agua y [&hellip;]<\/p>\n","protected":false},"author":1,"featured_media":0,"parent":0,"menu_order":0,"comment_status":"closed","ping_status":"closed","template":"","meta":{"_uag_custom_page_level_css":"","ub_ctt_via":"","site-sidebar-layout":"default","site-content-layout":"","ast-site-content-layout":"","site-content-style":"default","site-sidebar-style":"default","ast-global-header-display":"","ast-banner-title-visibility":"","ast-main-header-display":"","ast-hfb-above-header-display":"","ast-hfb-below-header-display":"","ast-hfb-mobile-header-display":"","site-post-title":"","ast-breadcrumbs-content":"","ast-featured-img":"","footer-sml-layout":"","theme-transparent-header-meta":"","adv-header-id-meta":"","stick-header-meta":"","header-above-stick-meta":"","header-main-stick-meta":"","header-below-stick-meta":"","astra-migrate-meta-layouts":"default","ast-page-background-enabled":"default","ast-page-background-meta":{"desktop":{"background-color":"var(--ast-global-color-4)","background-image":"","background-repeat":"repeat","background-position":"center center","background-size":"auto","background-attachment":"scroll","background-type":"","background-media":"","overlay-type":"","overlay-color":"","overlay-opacity":"","overlay-gradient":""},"tablet":{"background-color":"","background-image":"","background-repeat":"repeat","background-position":"center center","background-size":"auto","background-attachment":"scroll","background-type":"","background-media":"","overlay-type":"","overlay-color":"","overlay-opacity":"","overlay-gradient":""},"mobile":{"background-color":"","background-image":"","background-repeat":"repeat","background-position":"center center","background-size":"auto","background-attachment":"scroll","background-type":"","background-media":"","overlay-type":"","overlay-color":"","overlay-opacity":"","overlay-gradient":""}},"ast-content-background-meta":{"desktop":{"background-color":"var(--ast-global-color-5)","background-image":"","background-repeat":"repeat","background-position":"center center","background-size":"auto","background-attachment":"scroll","background-type":"","background-media":"","overlay-type":"","overlay-color":"","overlay-opacity":"","overlay-gradient":""},"tablet":{"background-color":"var(--ast-global-color-5)","background-image":"","background-repeat":"repeat","background-position":"center center","background-size":"auto","background-attachment":"scroll","background-type":"","background-media":"","overlay-type":"","overlay-color":"","overlay-opacity":"","overlay-gradient":""},"mobile":{"background-color":"var(--ast-global-color-5)","background-image":"","background-repeat":"repeat","background-position":"center center","background-size":"auto","background-attachment":"scroll","background-type":"","background-media":"","overlay-type":"","overlay-color":"","overlay-opacity":"","overlay-gradient":""}},"_themeisle_gutenberg_block_has_review":false,"footnotes":""},"class_list":["post-25","page","type-page","status-publish","hentry"],"featured_image_src":null,"uagb_featured_image_src":{"full":false,"thumbnail":false,"medium":false,"medium_large":false,"large":false,"1536x1536":false,"2048x2048":false},"uagb_author_info":{"display_name":"admin","author_link":"https:\/\/agroconta.es\/?author=1"},"uagb_comment_info":0,"uagb_excerpt":"Equilibrio ecol\u00f3gico \ud83c\udf31\ud83c\udf0eLa biodiversidad mantiene el funcionamiento de los ecosistemas, asegurando procesos como la polinizaci\u00f3n, la purificaci\u00f3n del agua y [&hellip;]","_links":{"self":[{"href":"https:\/\/agroconta.es\/index.php?rest_route=\/wp\/v2\/pages\/25","targetHints":{"allow":["GET"]}}],"collection":[{"href":"https:\/\/agroconta.es\/index.php?rest_route=\/wp\/v2\/pages"}],"about":[{"href":"https:\/\/agroconta.es\/index.php?rest_route=\/wp\/v2\/types\/page"}],"author":[{"embeddable":true,"href":"https:\/\/agroconta.es\/index.php?rest_route=\/wp\/v2\/users\/1"}],"replies":[{"embeddable":true,"href":"https:\/\/agroconta.es\/index.php?rest_route=%2Fwp%2Fv2%2Fcomments&post=25"}],"version-history":[{"count":6,"href":"https:\/\/agroconta.es\/index.php?rest_route=\/wp\/v2\/pages\/25\/revisions"}],"predecessor-version":[{"id":102,"href":"https:\/\/agroconta.es\/index.php?rest_route=\/wp\/v2\/pages\/25\/revisions\/102"}],"wp:attachment":[{"href":"https:\/\/agroconta.es\/index.php?rest_route=%2Fwp%2Fv2%2Fmedia&parent=25"}],"curies":[{"name":"wp","href":"https:\/\/api.w.org\/{rel}","templated":true}]}}